{"id":955,"date":"2025-07-11T12:00:53","date_gmt":"2025-07-11T12:00:53","guid":{"rendered":"https:\/\/inmotioncoaching.eu\/acerca-de\/"},"modified":"2025-07-21T05:29:21","modified_gmt":"2025-07-21T05:29:21","slug":"acerca-de","status":"publish","type":"page","link":"https:\/\/inmotioncoaching.eu\/es\/acerca-de\/","title":{"rendered":"Acerca de"},"content":{"rendered":"\t\t<div data-elementor-type=\"wp-page\" data-elementor-id=\"955\" class=\"elementor elementor-955 elementor-723\" data-elementor-post-type=\"page\">\n\t\t\t\t<div class=\"elementor-element elementor-element-178d036 e-con-full corte-ban e-flex e-con e-parent\" data-id=\"178d036\" data-element_type=\"container\" data-e-type=\"container\" data-settings=\"{&quot;background_background&quot;:&quot;classic&quot;}\">\n\t\t<div class=\"elementor-element elementor-element-b2c9cb1 e-con-full e-flex e-con e-child\" data-id=\"b2c9cb1\" data-element_type=\"container\" data-e-type=\"container\">\n\t\t<div class=\"elementor-element elementor-element-621d498 e-con-full e-flex e-con e-child\" data-id=\"621d498\" data-element_type=\"container\" data-e-type=\"container\">\n\t\t\t\t<div class=\"elementor-element elementor-element-43bf372 elementor-widget elementor-widget-shortcode\" data-id=\"43bf372\" data-element_type=\"widget\" data-e-type=\"widget\" data-widget_type=\"shortcode.default\">\n\t\t\t\t<div class=\"elementor-widget-container\">\n\t\t\t\t\t\t\t<div class=\"elementor-shortcode\"><nav aria-label=\"breadcrumbs\" class=\"rank-math-breadcrumb\"><p><span class=\"last\">Home<\/span><\/p><\/nav><\/div>\n\t\t\t\t\t\t<\/div>\n\t\t\t\t<\/div>\n\t\t\t\t<\/div>\n\t\t\t\t<\/div>\n\t\t\t\t<\/div>\n\t\t<div class=\"elementor-element elementor-element-feea02f e-con-full e-flex e-con e-parent\" data-id=\"feea02f\" data-element_type=\"container\" data-e-type=\"container\" data-settings=\"{&quot;background_background&quot;:&quot;classic&quot;}\">\n\t\t<div class=\"elementor-element elementor-element-3df2e9c e-con-full e-flex e-con e-child\" data-id=\"3df2e9c\" data-element_type=\"container\" data-e-type=\"container\">\n\t\t<div class=\"elementor-element elementor-element-833ea88 e-con-full e-flex e-con e-child\" data-id=\"833ea88\" data-element_type=\"container\" data-e-type=\"container\">\n\t\t\t\t<div class=\"elementor-element elementor-element-eaeb30a elementor-widget elementor-widget-image\" data-id=\"eaeb30a\" data-element_type=\"widget\" data-e-type=\"widget\" data-widget_type=\"image.default\">\n\t\t\t\t<div class=\"elementor-widget-container\">\n\t\t\t\t\t\t\t\t\t\t\t\t\t\t\t<img fetchpriority=\"high\" decoding=\"async\" width=\"831\" height=\"922\" src=\"https:\/\/inmotioncoaching.eu\/wp-content\/uploads\/2025\/06\/0175747d25c7f186dc6d78e3ac5f674b3c598daf-1-1.jpg\" class=\"attachment-full size-full wp-image-697\" alt=\"\" srcset=\"https:\/\/inmotioncoaching.eu\/wp-content\/uploads\/2025\/06\/0175747d25c7f186dc6d78e3ac5f674b3c598daf-1-1.jpg 831w, https:\/\/inmotioncoaching.eu\/wp-content\/uploads\/2025\/06\/0175747d25c7f186dc6d78e3ac5f674b3c598daf-1-1-270x300.jpg 270w, https:\/\/inmotioncoaching.eu\/wp-content\/uploads\/2025\/06\/0175747d25c7f186dc6d78e3ac5f674b3c598daf-1-1-768x852.jpg 768w\" sizes=\"(max-width: 831px) 100vw, 831px\" \/>\t\t\t\t\t\t\t\t\t\t\t\t\t\t\t<\/div>\n\t\t\t\t<\/div>\n\t\t\t\t<\/div>\n\t\t<div class=\"elementor-element elementor-element-5d92786 e-con-full e-flex e-con e-child\" data-id=\"5d92786\" data-element_type=\"container\" data-e-type=\"container\">\n\t\t\t\t<div class=\"elementor-element elementor-element-fbb5bc9 elementor-widget elementor-widget-heading\" data-id=\"fbb5bc9\" data-element_type=\"widget\" data-e-type=\"widget\" data-widget_type=\"heading.default\">\n\t\t\t\t<div class=\"elementor-widget-container\">\n\t\t\t\t\t<h2 class=\"elementor-heading-title elementor-size-default\">Acerca de In Motion Coaching<\/h2>\t\t\t\t<\/div>\n\t\t\t\t<\/div>\n\t\t\t\t<div class=\"elementor-element elementor-element-b682ac2 elementor-widget elementor-widget-heading\" data-id=\"b682ac2\" data-element_type=\"widget\" data-e-type=\"widget\" data-widget_type=\"heading.default\">\n\t\t\t\t<div class=\"elementor-widget-container\">\n\t\t\t\t\t<p class=\"elementor-heading-title elementor-size-default\"><strong>In Motion Coaching<\/strong>, est\u00e1 fundada por Els van Hunsel. Es originaria de los Pa\u00edses Bajos, pero ahora vive en el hermoso Pa\u00eds Vasco, Espa\u00f1a. <\/p>\t\t\t\t<\/div>\n\t\t\t\t<\/div>\n\t\t\t\t<div class=\"elementor-element elementor-element-52a0b43 elementor-widget elementor-widget-heading\" data-id=\"52a0b43\" data-element_type=\"widget\" data-e-type=\"widget\" data-widget_type=\"heading.default\">\n\t\t\t\t<div class=\"elementor-widget-container\">\n\t\t\t\t\t<p class=\"elementor-heading-title elementor-size-default\">Su pasi\u00f3n es ayudar a la gente a crecer a trav\u00e9s del surf, la naturaleza, el movimiento y la conexi\u00f3n. Es profesora titulada de Educaci\u00f3n F\u00edsica, entrenadora de surf e instructora de ingl\u00e9s. Tras enamorarse de las olas, la gente y la comida de aqu\u00ed, cre\u00f3 este negocio para ayudar a otros a enamorarse tambi\u00e9n.  <\/p>\t\t\t\t<\/div>\n\t\t\t\t<\/div>\n\t\t\t\t<div class=\"elementor-element elementor-element-337803a elementor-widget elementor-widget-heading\" data-id=\"337803a\" data-element_type=\"widget\" data-e-type=\"widget\" data-widget_type=\"heading.default\">\n\t\t\t\t<div class=\"elementor-widget-container\">\n\t\t\t\t\t<p class=\"elementor-heading-title elementor-size-default\">Exploremos tu viaje en el tablero y m\u00e1s all\u00e1.<\/p>\t\t\t\t<\/div>\n\t\t\t\t<\/div>\n\t\t\t\t<\/div>\n\t\t\t\t<\/div>\n\t\t\t\t<\/div>\n\t\t\t\t<\/div>\n\t\t","protected":false},"excerpt":{"rendered":"<p>Acerca de In Motion Coaching In Motion Coaching, est\u00e1 fundada por Els van Hunsel. Es originaria de los Pa\u00edses Bajos, pero ahora vive en el hermoso Pa\u00eds Vasco, Espa\u00f1a. Su pasi\u00f3n es ayudar a la gente a crecer a trav\u00e9s del surf, la naturaleza, el movimiento y la conexi\u00f3n. Es profesora titulada de Educaci\u00f3n F\u00edsica, [&hellip;]<\/p>\n","protected":false},"author":1,"featured_media":0,"parent":0,"menu_order":0,"comment_status":"closed","ping_status":"closed","template":"","meta":{"_acf_changed":false,"footnotes":""},"class_list":["post-955","page","type-page","status-publish","hentry"],"acf":[],"_links":{"self":[{"href":"https:\/\/inmotioncoaching.eu\/es\/wp-json\/wp\/v2\/pages\/955","targetHints":{"allow":["GET"]}}],"collection":[{"href":"https:\/\/inmotioncoaching.eu\/es\/wp-json\/wp\/v2\/pages"}],"about":[{"href":"https:\/\/inmotioncoaching.eu\/es\/wp-json\/wp\/v2\/types\/page"}],"author":[{"embeddable":true,"href":"https:\/\/inmotioncoaching.eu\/es\/wp-json\/wp\/v2\/users\/1"}],"replies":[{"embeddable":true,"href":"https:\/\/inmotioncoaching.eu\/es\/wp-json\/wp\/v2\/comments?post=955"}],"version-history":[{"count":1,"href":"https:\/\/inmotioncoaching.eu\/es\/wp-json\/wp\/v2\/pages\/955\/revisions"}],"predecessor-version":[{"id":956,"href":"https:\/\/inmotioncoaching.eu\/es\/wp-json\/wp\/v2\/pages\/955\/revisions\/956"}],"wp:attachment":[{"href":"https:\/\/inmotioncoaching.eu\/es\/wp-json\/wp\/v2\/media?parent=955"}],"curies":[{"name":"wp","href":"https:\/\/api.w.org\/{rel}","templated":true}]}}